{"id":1267,"date":"2024-03-28T14:02:11","date_gmt":"2024-03-28T14:02:11","guid":{"rendered":"https:\/\/orbius.premiumthemes.in\/?page_id=1267"},"modified":"2025-02-25T11:48:10","modified_gmt":"2025-02-25T11:48:10","slug":"blog","status":"publish","type":"page","link":"https:\/\/ag-marketing.es\/en\/blog\/","title":{"rendered":"Blog"},"content":{"rendered":"\t\t<div data-elementor-type=\"wp-page\" data-elementor-id=\"1267\" class=\"elementor elementor-1267\" data-elementor-post-type=\"page\">\n\t\t\t\t<div class=\"elementor-element elementor-element-2158acdf e-con-full e-flex e-con e-parent\" data-id=\"2158acdf\" data-element_type=\"container\" data-e-type=\"container\" data-settings=\"{&quot;mk_ext_is_sticky&quot;:&quot;false&quot;}\">\n\t\t\t\t<div class=\"elementor-element elementor-element-2552d0e3 elementor-widget elementor-widget-mk_section_heading\" data-id=\"2552d0e3\" data-element_type=\"widget\" data-e-type=\"widget\" data-settings=\"{&quot;mk_ext_is_infinite&quot;:&quot;false&quot;,&quot;mk_ext_is_scrollme&quot;:&quot;false&quot;}\" data-widget_type=\"mk_section_heading.default\">\n\t\t\t\t<div class=\"elementor-widget-container\">\n\t\t\t\t\t<div class=\"mk-section-heading\"><h4 class=\"mk-section-heading-title\"><span>blog<\/span><\/h4><span class=\"mk-section-heading-subtitle swm-hide-tablet\">\/ descubre las noticias<\/span><\/div>\t\t\t\t<\/div>\n\t\t\t\t<\/div>\n\t\t\t\t<\/div>\n\t\t<div class=\"elementor-element elementor-element-6a07fb6e e-con-full e-flex e-con e-parent\" data-id=\"6a07fb6e\" data-element_type=\"container\" data-e-type=\"container\" data-settings=\"{&quot;mk_ext_is_sticky&quot;:&quot;false&quot;}\">\n\t\t<div class=\"elementor-element elementor-element-6f837e7e e-con-full e-flex e-con e-child\" data-id=\"6f837e7e\" data-element_type=\"container\" data-e-type=\"container\" data-settings=\"{&quot;mk_ext_is_sticky&quot;:&quot;false&quot;}\">\n\t\t\t\t<\/div>\n\t\t<div class=\"elementor-element elementor-element-52156b27 e-con-full e-flex e-con e-child\" data-id=\"52156b27\" data-element_type=\"container\" data-e-type=\"container\" data-settings=\"{&quot;mk_ext_is_sticky&quot;:&quot;false&quot;}\">\n\t\t\t\t<div class=\"elementor-element elementor-element-48c8b4e0 mk-post-image-zoom-yes elementor-grid-3 elementor-grid-tablet-2 elementor-grid-mobile-1 elementor-widget elementor-widget-mk_blog_posts\" data-id=\"48c8b4e0\" data-element_type=\"widget\" data-e-type=\"widget\" data-settings=\"{&quot;columns&quot;:&quot;3&quot;,&quot;columns_tablet&quot;:&quot;2&quot;,&quot;columns_mobile&quot;:&quot;1&quot;,&quot;mk_ext_is_infinite&quot;:&quot;false&quot;,&quot;mk_ext_is_scrollme&quot;:&quot;false&quot;}\" data-widget_type=\"mk_blog_posts.default\">\n\t\t\t\t<div class=\"elementor-widget-container\">\n\t\t\t\t\t<div class=\"mk-p-grid mk-pagination--on mk-pagination-type--load-more\" data-options=\"{&quot;post_type&quot;:&quot;post&quot;,&quot;next_page&quot;:&quot;2&quot;,&quot;max_pages_num&quot;:2,&quot;masonry_on&quot;:&quot;no&quot;,&quot;enable_filter&quot;:&quot;no&quot;,&quot;button_text&quot;:&quot;leer m\\u00e1s&quot;,&quot;pagination_type&quot;:&quot;load-more&quot;,&quot;loadmore_button_text&quot;:&quot;Ver m\\u00e1s&quot;,&quot;title_tag&quot;:&quot;h3&quot;,&quot;title_length&quot;:100,&quot;show_excerpt&quot;:&quot;yes&quot;,&quot;excerpt_length&quot;:107,&quot;show_metas&quot;:&quot;yes&quot;,&quot;show_date&quot;:&quot;yes&quot;,&quot;show_image&quot;:&quot;yes&quot;,&quot;post_img_size&quot;:&quot;full&quot;,&quot;display_style&quot;:&quot;st1&quot;,&quot;taxonomy_filter&quot;:&quot;category&quot;,&quot;orderby&quot;:&quot;date&quot;,&quot;order&quot;:&quot;DESC&quot;,&quot;posts_per_page&quot;:9,&quot;exclude_posts_cat&quot;:[&quot;5&quot;]}\">\n    <!-- filter -->\n    \n    <!-- content -->\n    <div class=\"mk-grid-inner clear\">\n        <article class=\"mk-grid-item mk-grid-item-wrap mk-item-- post-305 post type-post status-publish format-standard hentry category-diseno-web category-inteligencia-artificial category-seo tag-aplicaciones-moviles tag-hacer-pagina-web tag-seo-web\">\n    <div class=\"mk-post-wrap\" >\n    \t\n    \t\t<div class=\"mk-post-content\">\n\n                \n                        <div class=\"mk-post-meta  highlight-text\"><div class=\"mk-post-meta-date-separator\"><\/div><a href=\"https:\/\/ag-marketing.es\/en\/2026\/03\/\" class=\"entry-date \">March 24, 2026<\/a><div class=\"mk-post-meta-separator\"><\/div>\n                        <\/div>\n\n                <h3 class=\"mk_post_title\"><a href=\"https:\/\/ag-marketing.es\/en\/la-importancia-de-crear-contenidos-de-valor-para-vender-servicios-de-diseno-web-y-desarrollo-de-apps\/\">La importancia de crear contenidos de valor para vender servicios de dise\u00f1o web y desarrollo de<\/a><\/h3><div class=\"mk_post_excerpt\">El contenido de valor no solo mejora el SEO: tambi\u00e9n educa al cliente, genera confianza y acorta el<\/div>                    <div class=\"mk-post-button\"><a href=\"https:\/\/ag-marketing.es\/en\/la-importancia-de-crear-contenidos-de-valor-para-vender-servicios-de-diseno-web-y-desarrollo-de-apps\/\"><span class=\"mk-post-button-arrow-start\" ><\/span><span class=\"mk-post-button-text\" >leer m\u00e1s<\/span><span class=\"mk-post-button-arrow-end\" ><\/span><\/a><\/div>\n                            <\/div>\n    <\/div>\n<\/article><article class=\"mk-grid-item mk-grid-item-wrap mk-item-- post-304 post type-post status-publish format-standard hentry category-diseno-web category-inteligencia-artificial category-seo tag-aplicaciones-moviles tag-hacer-pagina-web tag-seo-web\">\n    <div class=\"mk-post-wrap\" >\n    \t\n    \t\t<div class=\"mk-post-content\">\n\n                \n                        <div class=\"mk-post-meta  highlight-text\"><div class=\"mk-post-meta-date-separator\"><\/div><a href=\"https:\/\/ag-marketing.es\/en\/2026\/03\/\" class=\"entry-date \">March 23, 2026<\/a><div class=\"mk-post-meta-separator\"><\/div>\n                        <\/div>\n\n                <h3 class=\"mk_post_title\"><a href=\"https:\/\/ag-marketing.es\/en\/como-la-inteligencia-artificial-puede-mejorar-el-seo-de-tu-web-sin-perder-calidad-ni-estrategia\/\">C\u00f3mo la inteligencia artificial puede mejorar el SEO de tu web sin perder calidad ni estrategia<\/a><\/h3><div class=\"mk_post_excerpt\">La IA puede acelerar muchas tareas SEO, pero el verdadero valor aparece cuando se combina con experiencia,<\/div>                    <div class=\"mk-post-button\"><a href=\"https:\/\/ag-marketing.es\/en\/como-la-inteligencia-artificial-puede-mejorar-el-seo-de-tu-web-sin-perder-calidad-ni-estrategia\/\"><span class=\"mk-post-button-arrow-start\" ><\/span><span class=\"mk-post-button-text\" >leer m\u00e1s<\/span><span class=\"mk-post-button-arrow-end\" ><\/span><\/a><\/div>\n                            <\/div>\n    <\/div>\n<\/article><article class=\"mk-grid-item mk-grid-item-wrap mk-item--full post-303 post type-post status-publish format-standard hentry category-diseno-web category-inteligencia-artificial category-seo tag-aplicaciones-moviles tag-hacer-pagina-web tag-seo-web\">\n    <div class=\"mk-post-wrap\" >\n    \t\n    \t\t<div class=\"mk-post-content\">\n\n                \n                        <div class=\"mk-post-meta  highlight-text\"><div class=\"mk-post-meta-date-separator\"><\/div><a href=\"https:\/\/ag-marketing.es\/en\/2026\/03\/\" class=\"entry-date \">March 22, 2026<\/a><div class=\"mk-post-meta-separator\"><\/div>\n                        <\/div>\n\n                <h3 class=\"mk_post_title\"><a href=\"https:\/\/ag-marketing.es\/en\/web-app-o-ambas-como-elegir-la-mejor-solucion-digital-para-tu-negocio-sin-olvidar-el-seo\/\">Web, app o ambas: c\u00f3mo elegir la mejor soluci\u00f3n digital para tu negocio sin olvidar el SEO<\/a><\/h3><div class=\"mk_post_excerpt\">Muchas empresas dudan entre crear una web, una app m\u00f3vil o ambas. La decisi\u00f3n correcta depende del<\/div>                    <div class=\"mk-post-button\"><a href=\"https:\/\/ag-marketing.es\/en\/web-app-o-ambas-como-elegir-la-mejor-solucion-digital-para-tu-negocio-sin-olvidar-el-seo\/\"><span class=\"mk-post-button-arrow-start\" ><\/span><span class=\"mk-post-button-text\" >leer m\u00e1s<\/span><span class=\"mk-post-button-arrow-end\" ><\/span><\/a><\/div>\n                            <\/div>\n    <\/div>\n<\/article><article class=\"mk-grid-item mk-grid-item-wrap mk-item-- post-302 post type-post status-publish format-standard hentry category-diseno-web category-inteligencia-artificial category-seo tag-aplicaciones-moviles tag-hacer-pagina-web tag-seo-web\">\n    <div class=\"mk-post-wrap\" >\n    \t\n    \t\t<div class=\"mk-post-content\">\n\n                \n                        <div class=\"mk-post-meta  highlight-text\"><div class=\"mk-post-meta-date-separator\"><\/div><a href=\"https:\/\/ag-marketing.es\/en\/2026\/03\/\" class=\"entry-date \">March 21, 2026<\/a><div class=\"mk-post-meta-separator\"><\/div>\n                        <\/div>\n\n                <h3 class=\"mk_post_title\"><a href=\"https:\/\/ag-marketing.es\/en\/seo-para-negocios-digitales-como-posicionarte-cuando-buscan-hacer-pagina-web-o-aplicaciones-moviles\/\">SEO para negocios digitales: c\u00f3mo posicionarte cuando buscan hacer pagina web o aplicaciones<\/a><\/h3><div class=\"mk_post_excerpt\">El SEO permite que una empresa de desarrollo web o apps aparezca justo en el momento en que el cliente<\/div>                    <div class=\"mk-post-button\"><a href=\"https:\/\/ag-marketing.es\/en\/seo-para-negocios-digitales-como-posicionarte-cuando-buscan-hacer-pagina-web-o-aplicaciones-moviles\/\"><span class=\"mk-post-button-arrow-start\" ><\/span><span class=\"mk-post-button-text\" >leer m\u00e1s<\/span><span class=\"mk-post-button-arrow-end\" ><\/span><\/a><\/div>\n                            <\/div>\n    <\/div>\n<\/article><article class=\"mk-grid-item mk-grid-item-wrap mk-item--full post-301 post type-post status-publish format-standard hentry category-diseno-web category-inteligencia-artificial category-seo tag-aplicaciones-moviles tag-hacer-pagina-web tag-seo-web\">\n    <div class=\"mk-post-wrap\" >\n    \t\n    \t\t<div class=\"mk-post-content\">\n\n                \n                        <div class=\"mk-post-meta  highlight-text\"><div class=\"mk-post-meta-date-separator\"><\/div><a href=\"https:\/\/ag-marketing.es\/en\/2026\/03\/\" class=\"entry-date \">March 20, 2026<\/a><div class=\"mk-post-meta-separator\"><\/div>\n                        <\/div>\n\n                <h3 class=\"mk_post_title\"><a href=\"https:\/\/ag-marketing.es\/en\/por-que-tener-una-web-profesional-sigue-siendo-clave-para-vender-mas\/\">Por qu\u00e9 tener una web profesional sigue siendo clave para vender m\u00e1s en 2026<\/a><\/h3><div class=\"mk_post_excerpt\">Una web profesional bien planteada sigue siendo la base para captar clientes, transmitir confianza y<\/div>                    <div class=\"mk-post-button\"><a href=\"https:\/\/ag-marketing.es\/en\/por-que-tener-una-web-profesional-sigue-siendo-clave-para-vender-mas\/\"><span class=\"mk-post-button-arrow-start\" ><\/span><span class=\"mk-post-button-text\" >leer m\u00e1s<\/span><span class=\"mk-post-button-arrow-end\" ><\/span><\/a><\/div>\n                            <\/div>\n    <\/div>\n<\/article><article class=\"mk-grid-item mk-grid-item-wrap mk-item-- post-120 post type-post status-publish format-standard has-post-thumbnail hentry category-uncategorized\">\n    <div class=\"mk-post-wrap\" >\n    \t<div class=\"mk-post-image\">\n                                    <a href=\"https:\/\/ag-marketing.es\/en\/innovacion-digital-transformando-negocios-con-una-web-optimizada\/\" class=\"mk-post-grid-image swm-anim\"><\/a>\n                                <\/div>\n    \t\t<div class=\"mk-post-content\">\n\n                \n                        <div class=\"mk-post-meta  highlight-text\"><div class=\"mk-post-meta-date-separator\"><\/div><a href=\"https:\/\/ag-marketing.es\/en\/2025\/02\/\" class=\"entry-date \">February 21, 2025<\/a><div class=\"mk-post-meta-separator\"><\/div>\n                        <\/div>\n\n                <h3 class=\"mk_post_title\"><a href=\"https:\/\/ag-marketing.es\/en\/innovacion-digital-transformando-negocios-con-una-web-optimizada\/\">Innovaci\u00f3n digital: Transformando negocios con una web optimizada<\/a><\/h3><div class=\"mk_post_excerpt\">Descubre c\u00f3mo la innovaci\u00f3n digital y una web optimizada pueden transformar tu negocio.<\/div>                    <div class=\"mk-post-button\"><a href=\"https:\/\/ag-marketing.es\/en\/innovacion-digital-transformando-negocios-con-una-web-optimizada\/\"><span class=\"mk-post-button-arrow-start\" ><\/span><span class=\"mk-post-button-text\" >leer m\u00e1s<\/span><span class=\"mk-post-button-arrow-end\" ><\/span><\/a><\/div>\n                            <\/div>\n    <\/div>\n<\/article><article class=\"mk-grid-item mk-grid-item-wrap mk-item-- post-119 post type-post status-publish format-standard has-post-thumbnail hentry category-uncategorized\">\n    <div class=\"mk-post-wrap\" >\n    \t<div class=\"mk-post-image\">\n                                    <a href=\"https:\/\/ag-marketing.es\/en\/la-sinergia-entre-diseno-web-y-seo-claves-del-exito-online\/\" class=\"mk-post-grid-image swm-anim\"><\/a>\n                                <\/div>\n    \t\t<div class=\"mk-post-content\">\n\n                \n                        <div class=\"mk-post-meta  highlight-text\"><div class=\"mk-post-meta-date-separator\"><\/div><a href=\"https:\/\/ag-marketing.es\/en\/2025\/02\/\" class=\"entry-date \">February 21, 2025<\/a><div class=\"mk-post-meta-separator\"><\/div>\n                        <\/div>\n\n                <h3 class=\"mk_post_title\"><a href=\"https:\/\/ag-marketing.es\/en\/la-sinergia-entre-diseno-web-y-seo-claves-del-exito-online\/\">La sinergia entre dise\u00f1o web y SEO: Claves del \u00e9xito online<\/a><\/h3><div class=\"mk_post_excerpt\">Conoce c\u00f3mo la combinaci\u00f3n de dise\u00f1o web y SEO impulsa el \u00e9xito digital de tu negocio.<\/div>                    <div class=\"mk-post-button\"><a href=\"https:\/\/ag-marketing.es\/en\/la-sinergia-entre-diseno-web-y-seo-claves-del-exito-online\/\"><span class=\"mk-post-button-arrow-start\" ><\/span><span class=\"mk-post-button-text\" >leer m\u00e1s<\/span><span class=\"mk-post-button-arrow-end\" ><\/span><\/a><\/div>\n                            <\/div>\n    <\/div>\n<\/article><article class=\"mk-grid-item mk-grid-item-wrap mk-item-- post-118 post type-post status-publish format-standard has-post-thumbnail hentry category-uncategorized\">\n    <div class=\"mk-post-wrap\" >\n    \t<div class=\"mk-post-image\">\n                                    <a href=\"https:\/\/ag-marketing.es\/en\/como-una-web-bien-optimizada-impulsa-el-crecimiento-de-tu-negocio\/\" class=\"mk-post-grid-image swm-anim\"><\/a>\n                                <\/div>\n    \t\t<div class=\"mk-post-content\">\n\n                \n                        <div class=\"mk-post-meta  highlight-text\"><div class=\"mk-post-meta-date-separator\"><\/div><a href=\"https:\/\/ag-marketing.es\/en\/2025\/02\/\" class=\"entry-date \">February 21, 2025<\/a><div class=\"mk-post-meta-separator\"><\/div>\n                        <\/div>\n\n                <h3 class=\"mk_post_title\"><a href=\"https:\/\/ag-marketing.es\/en\/como-una-web-bien-optimizada-impulsa-el-crecimiento-de-tu-negocio\/\">C\u00f3mo una web bien optimizada impulsa el crecimiento de tu negocio<\/a><\/h3><div class=\"mk_post_excerpt\">Descubre c\u00f3mo la optimizaci\u00f3n integral de tu web impulsa el crecimiento de tu negocio.<\/div>                    <div class=\"mk-post-button\"><a href=\"https:\/\/ag-marketing.es\/en\/como-una-web-bien-optimizada-impulsa-el-crecimiento-de-tu-negocio\/\"><span class=\"mk-post-button-arrow-start\" ><\/span><span class=\"mk-post-button-text\" >leer m\u00e1s<\/span><span class=\"mk-post-button-arrow-end\" ><\/span><\/a><\/div>\n                            <\/div>\n    <\/div>\n<\/article><article class=\"mk-grid-item mk-grid-item-wrap mk-item-- post-117 post type-post status-publish format-standard has-post-thumbnail hentry category-uncategorized\">\n    <div class=\"mk-post-wrap\" >\n    \t<div class=\"mk-post-image\">\n                                    <a href=\"https:\/\/ag-marketing.es\/en\/seo-avanzado-estrategias-y-herramientas-para-un-rendimiento-optimo\/\" class=\"mk-post-grid-image swm-anim\"><\/a>\n                                <\/div>\n    \t\t<div class=\"mk-post-content\">\n\n                \n                        <div class=\"mk-post-meta  highlight-text\"><div class=\"mk-post-meta-date-separator\"><\/div><a href=\"https:\/\/ag-marketing.es\/en\/2025\/02\/\" class=\"entry-date \">February 21, 2025<\/a><div class=\"mk-post-meta-separator\"><\/div>\n                        <\/div>\n\n                <h3 class=\"mk_post_title\"><a href=\"https:\/\/ag-marketing.es\/en\/seo-avanzado-estrategias-y-herramientas-para-un-rendimiento-optimo\/\">SEO avanzado: Estrategias y herramientas para un rendimiento \u00f3ptimo<\/a><\/h3><div class=\"mk_post_excerpt\">Profundiza en estrategias y herramientas de SEO avanzado para potenciar tu presencia online.<\/div>                    <div class=\"mk-post-button\"><a href=\"https:\/\/ag-marketing.es\/en\/seo-avanzado-estrategias-y-herramientas-para-un-rendimiento-optimo\/\"><span class=\"mk-post-button-arrow-start\" ><\/span><span class=\"mk-post-button-text\" >leer m\u00e1s<\/span><span class=\"mk-post-button-arrow-end\" ><\/span><\/a><\/div>\n                            <\/div>\n    <\/div>\n<\/article>    <\/div>\n\n    \t<div class=\"clear\"><\/div>\n    <div class=\"mk-m-pagination mk--load-more\">\n\t\t<div class=\"mk-m-pagination-inner\">\n\t\t\t<a class=\"mk-load-more-button button submit mk-layout--filled  mk-html--link\" href=\"#\" target=\"_self\"  >Ver m\u00e1s<\/a>\n\t\t<\/div>\n\t<\/div>\n\t<p class=\"mk-pagination-spinner spinner mk-m-pagination-spinner swm-color-headings\"><i class=\"fas fa-spinner\"><\/i><\/p><\/div>\t\t\t\t<\/div>\n\t\t\t\t<\/div>\n\t\t\t\t<\/div>\n\t\t\t\t<\/div>\n\t\t\t\t<\/div>\n\t\t","protected":false},"excerpt":{"rendered":"<p>blog \/ descubre las noticias febrero 21, 2025 Innovaci\u00f3n digital: Transformando negocios con una web optimizada Descubre c\u00f3mo la innovaci\u00f3n digital y una web optimizada pueden transformar tu negocio. leer m\u00e1s febrero 21, 2025 La sinergia entre dise\u00f1o web y SEO: Claves del \u00e9xito online Conoce c\u00f3mo la combinaci\u00f3n de [&hellip;]<\/p>\n","protected":false},"author":1,"featured_media":0,"parent":0,"menu_order":0,"comment_status":"closed","ping_status":"closed","template":"elementor_header_footer","meta":{"footnotes":""},"class_list":["post-1267","page","type-page","status-publish","hentry"],"_links":{"self":[{"href":"https:\/\/ag-marketing.es\/en\/wp-json\/wp\/v2\/pages\/1267","targetHints":{"allow":["GET"]}}],"collection":[{"href":"https:\/\/ag-marketing.es\/en\/wp-json\/wp\/v2\/pages"}],"about":[{"href":"https:\/\/ag-marketing.es\/en\/wp-json\/wp\/v2\/types\/page"}],"author":[{"embeddable":true,"href":"https:\/\/ag-marketing.es\/en\/wp-json\/wp\/v2\/users\/1"}],"replies":[{"embeddable":true,"href":"https:\/\/ag-marketing.es\/en\/wp-json\/wp\/v2\/comments?post=1267"}],"version-history":[{"count":22,"href":"https:\/\/ag-marketing.es\/en\/wp-json\/wp\/v2\/pages\/1267\/revisions"}],"predecessor-version":[{"id":3790,"href":"https:\/\/ag-marketing.es\/en\/wp-json\/wp\/v2\/pages\/1267\/revisions\/3790"}],"wp:attachment":[{"href":"https:\/\/ag-marketing.es\/en\/wp-json\/wp\/v2\/media?parent=1267"}],"curies":[{"name":"wp","href":"https:\/\/api.w.org\/{rel}","templated":true}]}}